{"id":470,"date":"2022-08-03T07:57:24","date_gmt":"2022-08-03T07:57:24","guid":{"rendered":"https:\/\/www.casabordas.es\/politica-de-privacidad\/"},"modified":"2022-08-03T08:01:35","modified_gmt":"2022-08-03T08:01:35","slug":"politica-de-privacidad","status":"publish","type":"page","link":"https:\/\/www.casabordas.es\/en\/politica-de-privacidad\/","title":{"rendered":"Privacy Policy"},"content":{"rendered":"<p>[et_pb_section fb_built=&#8221;1&#8243; _builder_version=&#8221;4.6.6&#8243; _module_preset=&#8221;default&#8221; global_colors_info=&#8221;{}&#8221;][et_pb_row _builder_version=&#8221;4.6.6&#8243; _module_preset=&#8221;default&#8221; global_colors_info=&#8221;{}&#8221;][et_pb_column type=&#8221;4_4&#8243; _builder_version=&#8221;4.6.6&#8243; _module_preset=&#8221;default&#8221; global_colors_info=&#8221;{}&#8221;][et_pb_text _builder_version=&#8221;4.14.8&#8243; _module_preset=&#8221;default&#8221; global_colors_info=&#8221;{}&#8221;]<\/p>\n<p>El TITULAR de la web se compromete a proteger la privacidad de los usuarios que accedan a esta web y \/ o cualquiera de sus servicios.\u00a0La utilizaci\u00f3n de la web y \/ o de cualquiera de los servicios ofrecidos por El TITULAR, implica la aceptaci\u00f3n por parte del Usuario\/Cliente\/Interesado de las disposiciones contenidas en la presente Pol\u00edtica de Privacidad.<\/p>\n<p>Por favor, tenga en cuenta que a pesar de que pueda haber enlaces de nuestra web a otras webs, esta Pol\u00edtica de Privacidad no se aplica a las webs de otras compa\u00f1\u00edas u organizaciones a las que la web est\u00e9 redirigida.\u00a0El TITULAR no controla el contenido de los sitios de terceros ni acepta ning\u00fan tipo de responsabilidad por el contenido o las pol\u00edticas de privacidad de estos sitios, tal como se indica en nuestro Aviso Legal. <u>\u00a0<\/u><\/p>\n<p>En cumplimiento del Reglamento (UE) 2016\/679 del Parlamento Europeo y del Consejo, de 27 de abril de 2016, (RGPD) y la Ley Org\u00e1nica 3\/2018, de 5 de diciembre, de Protecci\u00f3n de Datos Personales y garant\u00eda de los derechos digitales (LOPDGDD), le ofrecemos la siguiente informaci\u00f3n sobre el tratamiento de sus datos personales:<\/p>\n<p><strong>\u00bfQui\u00e9n es el responsable del tratamiento de sus datos?<\/strong><\/p>\n<p>El Responsable del tratamiento de sus datos es Anxoves Casa Bordas, S.L. (en adelante, \u201cANXOVES CASA BORDAS\u201d) con CIF B63665707 y domicilio en C\/ Boters 2 Pol. Ind. Els Recs, CP 17130 de la localidad de l\u2019Escala. Nuestros datos figuran en el Aviso Legal\u00a0de esta web.\u00a0<\/p>\n<p><strong>\u00bfCon qu\u00e9 finalidad tratamos sus datos personales?<\/strong><\/p>\n<p>Tratamos la informaci\u00f3n que el Interesado nos facilita para<\/p>\n<ul>\n<li>Atender las llamadas, emails o consultas de nuestros Clientes y Usuarios.<\/li>\n<li>Llevar a cabo la ejecuci\u00f3n, gesti\u00f3n y facturaci\u00f3n de las ventas efectuadas a nuestros Clientes.<\/li>\n<\/ul>\n<p>Asimismo, con el consentimiento del Interesado, sus datos personales podr\u00e1n ser tratados con las siguientes finalidades adicionales:<\/p>\n<ul>\n<li>Env\u00edo de informaci\u00f3n y comunicaci\u00f3n de promociones comerciales respecto a los servicios contratados y mantenerle informado sobre novedades y ofertas de su inter\u00e9s respecto de nuestros producto y\/o servicios.<\/li>\n<\/ul>\n<p><strong>\u00a0<\/strong><strong>\u00bfDurante cu\u00e1nto tiempo conservaremos sus datos?<\/strong><\/p>\n<p>Los datos personales proporcionados por el Interesado se conservar\u00e1n mientras est\u00e9 vigente la relaci\u00f3n y\/o el contrato celebrado entre el Interesado y ANXOVES CASA BORDAS y, una vez se produzca su finalizaci\u00f3n, ser\u00e1n bloqueados hasta que transcurran los plazos de prescripci\u00f3n aplicables.<\/p>\n<p>En el caso de que haya consentido a su tratamiento, hasta que el Interesado solicite su supresi\u00f3n, momento en el que ser\u00e1n bloqueados hasta que transcurran los plazos de prescripci\u00f3n aplicables.<\/p>\n<p><strong>\u00bfCu\u00e1l es la legitimaci\u00f3n para el tratamiento de sus datos?<\/strong><\/p>\n<p>La base legal para el tratamiento de sus datos para las finalidades descritas es su consentimiento, libremente otorgado al marcar las casillas de aceptaci\u00f3n de los formularios de recogida de datos de nuestra p\u00e1gina web.<\/p>\n<p>Como base legal, tambi\u00e9n existe la ejecuci\u00f3n del contrato entre el Interesado y ANXOVES CASA BORDAS. En este sentido, el Interesado est\u00e1 obligado a facilitar los datos que sean necesarios para su ejecuci\u00f3n. En el caso de que no nos facilite estos datos no ser\u00e1 posible la celebraci\u00f3n del contrato.<\/p>\n<p><strong>\u00bfA qu\u00e9 destinatarios se comunicar\u00e1n sus datos?<\/strong><\/p>\n<p>Los datos personales del Interesado podr\u00e1n ser cedidos a los siguientes destinatarios:<\/p>\n<ul>\n<li>Administraciones P\u00fablicas cuando as\u00ed lo establezca una disposici\u00f3n legal aplicable y Juzgados y Tribunales.<\/li>\n<li>Anxoves de l\u2019Escala, S.A<\/li>\n<li>Proveedores que prestan servicios a ANXOVES CASA BORDAS relacionados con la gesti\u00f3n del contrato formalizado y que tienen la condici\u00f3n de encargados del tratamiento, como por ejemplo, pero no limit\u00e1ndose a, entidades financieras, entidades de detecci\u00f3n y prevenci\u00f3n del fraude, proveedores de servicios tecnol\u00f3gicos, proveedores y colaboradores de servicios de log\u00edstica, transporte y entrega o proveedores de servicios relacionados con la atenci\u00f3n al cliente, entre otros.<\/li>\n<li>Proveedores y colaboradores que prestan servicios relacionados con marketing y publicidad, solo en el caso de que el Interesado haya dado su consentimiento de forma expresa.<\/li>\n<\/ul>\n<p>En cualquier caso, los terceros con los que se compartan determinados datos de car\u00e1cter personal del Interesado habr\u00e1n acreditado previamente la adopci\u00f3n de medidas adecuadas para la correcta protecci\u00f3n de estos.<\/p>\n<p><strong>\u00bfCu\u00e1les son sus derechos cuando nos facilita sus datos?<\/strong><\/p>\n<p>Desde ANXOVES CASA BORDAS, nos comprometemos a respetar la confidencialidad de tus datos personales y a garantizarle el ejercicio de sus derechos.<\/p>\n<p>Es por ello por lo que cualquier persona tiene derecho a obtener confirmaci\u00f3n sobre si estamos tratando datos personales que le conciernen. Las personas interesadas tienen derecho a acceder a sus datos personales, as\u00ed como a solicitar la rectificaci\u00f3n de los datos inexactos o, en su caso, solicitar su supresi\u00f3n cuando, entre otros motivos, los datos ya no sean necesarios para las finalidades para las que fueron recogidos.<\/p>\n<p>En determinados supuestos el Interesado tendr\u00e1 derecho a solicitar la limitaci\u00f3n del tratamiento de sus datos, caso en el que \u00fanicamente los conservaremos para el ejercicio o la defensa de reclamaciones.<\/p>\n<p>En determinadas circunstancias y por motivos relacionados con su situaci\u00f3n particular, los interesados podr\u00e1n oponerse al tratamiento de sus datos. En tal caso, ANXOVES CASA BORDAS dejar\u00e1 de tratar los datos, salvo motivos leg\u00edtimos imperiosos o el ejercicio o la defensa de posibles reclamaciones.<\/p>\n<p>En cualquiera de los casos anteriores, ANXOVES CASA BORDAS comunicar\u00e1 cualquier rectificaci\u00f3n o supresi\u00f3n de datos personales, as\u00ed como cualquier limitaci\u00f3n de tratamiento efectuada a cada uno de los destinatarios a los que se hayan comunicado los datos personales, salvo que sea o exija un esfuerzo desproporcionado. Si as\u00ed lo solicitara el Interesado, ANXOVES CASA BORDAS le informar\u00e1 sobre dichos destinatarios.<\/p>\n<p>Asimismo, el Interesado tendr\u00e1 derecho a recibir los datos personales que le incumban, que haya facilitado a ANXOVES CASA BORDAS, en un formato estructurado, de uso com\u00fan y lectura mec\u00e1nica, y a transmitirlos a otro responsable cuando el tratamiento se base en el consentimiento o en un contrato y se efect\u00fae por medios automatizados.<\/p>\n<p>El Interesado tendr\u00e1 derecho a oponerse en cualquier momento, por motivos relacionados con su situaci\u00f3n particular, a que datos personales que le conciernan sean objeto de un tratamiento basado en el inter\u00e9s p\u00fablico o leg\u00edtimo por ANXOVES CASA BORDAS o un tercero, incluyendo la elaboraci\u00f3n de perfiles, a fin de que ANXOVES CASA BORDAS deje de tratar los datos personales, salvo que estas puedan acreditar motivos leg\u00edtimos imperiosos para el tratamiento que prevalezcan sobre los intereses, derechos y libertades del Interesado, o para la formulaci\u00f3n, ejercicio o defensa de reclamaciones.<\/p>\n<p>Asimismo, el Interesado tendr\u00e1 derecho a no ser objeto de una decisi\u00f3n basada \u00fanicamente en el tratamiento automatizado, incluyendo la elaboraci\u00f3n de perfiles, que produzca efectos jur\u00eddicos en \u00e9l o le afecte significativamente, salvo que esta decisi\u00f3n sea necesaria para la celebraci\u00f3n o ejecuci\u00f3n de un contrato con ANXOVES CASA BORDAS y est\u00e9 autorizada por la legalidad europea o estatal vigente o se base en el consentimiento expl\u00edcito del Interesado.<\/p>\n<p>Finalmente, el Interesado tendr\u00e1 derecho a presentar reclamaci\u00f3n ante las autoridades de protecci\u00f3n de datos.<\/p>\n<p><strong>\u00bfC\u00f3mo puede ejercer sus derechos?<\/strong><\/p>\n<p>Los referidos derechos de acceso, rectificaci\u00f3n, supresi\u00f3n, oposici\u00f3n, portabilidad y limitaci\u00f3n, as\u00ed como a no ser objeto de decisiones individuales automatizadas, podr\u00e1n ser ejercidos enviando una solicitud escrita con copia adjunta de su DNI a trav\u00e9s de la siguiente direcci\u00f3n de correo electr\u00f3nico: <a href=\"mailto:admon@casabordas.es\">admon@casabordas.es<\/a>.<\/p>\n<p><strong>\u00bfC\u00f3mo hemos obtenido sus datos?<\/strong><\/p>\n<p>Los datos personales que tratamos proceden del propio Interesado, quien garantiza que los datos personales facilitados son ciertos y se hace responsable de comunicar cualquier modificaci\u00f3n.\u00a0 Los datos que deban introducirse en un campo que est\u00e9 marcado con un asterisco son obligatorios para poder prestarle el servicio solicitado.<\/p>\n<p><strong>\u00a0<\/strong><strong>\u00bfQu\u00e9 datos tratamos?<\/strong><\/p>\n<p>Las categor\u00edas de datos que podemos tratar son:<\/p>\n<ul>\n<li>Datos de car\u00e1cter identificativo (nombre completo, DNI o pasaporte)<\/li>\n<li>Direcciones postales o electr\u00f3nicas.<\/li>\n<li>Direcci\u00f3n de env\u00edo<\/li>\n<li>Tel\u00e9fono<\/li>\n<li>Datos econ\u00f3micos (no almacenamos los datos de tu tarjeta)<\/li>\n<li>Pedidos<\/li>\n<li>Devoluciones<\/li>\n<li>Informaci\u00f3n comercial (suscripci\u00f3n a nuestra newsletters)<\/li>\n<\/ul>\n<p>Cuando le pedimos al Usuario que rellene sus datos personales para darle acceso a alguna funcionalidad o servicio de la plataforma, algunos campos ser\u00e1n marcados (*) como obligatorios, puesto que son datos que necesitamos para prestar el servicio o dar acceso a la funcionalidad en cuesti\u00f3n. Por favor, tenga en cuenta que si decide no facilitarnos esos datos, es posible que no pueda completar su registro como Usuario o que no pueda disfrutar de algunos de nuestros servicios o funcionalidades.<\/p>\n<p><strong>\u00bfUtilizamos cookies?<\/strong><\/p>\n<p>Utilizamos cookies durante la navegaci\u00f3n en nuestra web con el consentimiento informado del Usuario. Para obtener m\u00e1s informaci\u00f3n visite nuestra\u00a0<a href=\"https:\/\/translate.google.com\/translate?hl=es&amp;prev=_t&amp;sl=ca&amp;tl=es&amp;u=https:\/\/www.centreveterinarionyar.com\/ca\/politica-de-cookies\/\">Pol\u00edtica de Cookies<\/a>\u00a0.\u00a0<\/p>\n<p><strong>\u00bfQu\u00e9 medidas de seguridad aplicamos?<\/strong><\/p>\n<p>Aplicamos las medidas de seguridad establecidas en el art\u00edculo 32 del RGPD, por tanto hemos adoptado las medidas de seguridad necesarias para garantizar un nivel de seguridad adecuado al riesgo del tratamiento de datos que realizamos, con mecanismos que nos permiten garantizar la confidencialidad, integridad, disponibilidad y resiliencia permanente de los sistemas y servicios de tratamiento.<\/p>\n<p>Algunas de estas medidas son:<\/p>\n<ul>\n<li>Informaci\u00f3n de las pol\u00edticas de tratamiento de datos al personal.<\/li>\n<li>Realizaci\u00f3n de copias de seguridad peri\u00f3dicas.<\/li>\n<li>Control de acceso a los datos.<\/li>\n<li>Procesos de verificaci\u00f3n, evaluaci\u00f3n y valoraci\u00f3n regulares.<\/li>\n<\/ul>\n<p>&nbsp;<\/p>\n<p>[\/et_pb_text][\/et_pb_column][\/et_pb_row][\/et_pb_section]<\/p>\n","protected":false},"excerpt":{"rendered":"<p>El TITULAR de la web se compromete a proteger la privacidad de los usuarios que accedan a esta web y \/ o cualquiera de sus servicios.\u00a0La utilizaci\u00f3n de la web y \/ o de cualquiera de los servicios ofrecidos por El TITULAR, implica la aceptaci\u00f3n por parte del Usuario\/Cliente\/Interesado de las disposiciones contenidas en la [&hellip;]<\/p>\n","protected":false},"author":1,"featured_media":0,"parent":0,"menu_order":0,"comment_status":"closed","ping_status":"closed","template":"","meta":{"_et_pb_use_builder":"on","_et_pb_old_content":"","_et_gb_content_width":"1920","footnotes":""},"class_list":["post-470","page","type-page","status-publish","hentry"],"yoast_head":"<!-- This site is optimized with the Yoast SEO plugin v26.2 - https:\/\/yoast.com\/wordpress\/plugins\/seo\/ -->\n<title>Privacy Policy - Anchoas Casa Bordas<\/title>\n<meta name=\"robots\" content=\"index, follow, max-snippet:-1, max-image-preview:large, max-video-preview:-1\" \/>\n<link rel=\"canonical\" href=\"https:\/\/www.casabordas.es\/en\/politica-de-privacidad\/\" \/>\n<meta property=\"og:locale\" content=\"en_US\" \/>\n<meta property=\"og:type\" content=\"article\" \/>\n<meta property=\"og:title\" content=\"Privacy Policy - Anchoas Casa Bordas\" \/>\n<meta property=\"og:description\" content=\"El TITULAR de la web se compromete a proteger la privacidad de los usuarios que accedan a esta web y \/ o cualquiera de sus servicios.\u00a0La utilizaci\u00f3n de la web y \/ o de cualquiera de los servicios ofrecidos por El TITULAR, implica la aceptaci\u00f3n por parte del Usuario\/Cliente\/Interesado de las disposiciones contenidas en la [&hellip;]\" \/>\n<meta property=\"og:url\" content=\"https:\/\/www.casabordas.es\/en\/politica-de-privacidad\/\" \/>\n<meta property=\"og:site_name\" content=\"Anchoas Casa Bordas\" \/>\n<meta property=\"article:modified_time\" content=\"2022-08-03T08:01:35+00:00\" \/>\n<meta name=\"twitter:card\" content=\"summary_large_image\" \/>\n<meta name=\"twitter:label1\" content=\"Est. reading time\" \/>\n\t<meta name=\"twitter:data1\" content=\"8 minutes\" \/>\n<script type=\"application\/ld+json\" class=\"yoast-schema-graph\">{\"@context\":\"https:\/\/schema.org\",\"@graph\":[{\"@type\":\"WebPage\",\"@id\":\"https:\/\/www.casabordas.es\/en\/politica-de-privacidad\/\",\"url\":\"https:\/\/www.casabordas.es\/en\/politica-de-privacidad\/\",\"name\":\"Privacy Policy - Anchoas Casa Bordas\",\"isPartOf\":{\"@id\":\"https:\/\/www.casabordas.es\/#website\"},\"datePublished\":\"2022-08-03T07:57:24+00:00\",\"dateModified\":\"2022-08-03T08:01:35+00:00\",\"breadcrumb\":{\"@id\":\"https:\/\/www.casabordas.es\/en\/politica-de-privacidad\/#breadcrumb\"},\"inLanguage\":\"en-US\",\"potentialAction\":[{\"@type\":\"ReadAction\",\"target\":[\"https:\/\/www.casabordas.es\/en\/politica-de-privacidad\/\"]}]},{\"@type\":\"BreadcrumbList\",\"@id\":\"https:\/\/www.casabordas.es\/en\/politica-de-privacidad\/#breadcrumb\",\"itemListElement\":[{\"@type\":\"ListItem\",\"position\":1,\"name\":\"Portada\",\"item\":\"https:\/\/www.casabordas.es\/en\/\"},{\"@type\":\"ListItem\",\"position\":2,\"name\":\"Privacy Policy\"}]},{\"@type\":\"WebSite\",\"@id\":\"https:\/\/www.casabordas.es\/#website\",\"url\":\"https:\/\/www.casabordas.es\/\",\"name\":\"Anchoas Casa Bordas\",\"description\":\"Elaboraci\u00f3n de producto artesanal y de gran calidad\",\"potentialAction\":[{\"@type\":\"SearchAction\",\"target\":{\"@type\":\"EntryPoint\",\"urlTemplate\":\"https:\/\/www.casabordas.es\/?s={search_term_string}\"},\"query-input\":{\"@type\":\"PropertyValueSpecification\",\"valueRequired\":true,\"valueName\":\"search_term_string\"}}],\"inLanguage\":\"en-US\"}]}<\/script>\n<!-- \/ Yoast SEO plugin. -->","yoast_head_json":{"title":"Privacy Policy - Anchoas Casa Bordas","robots":{"index":"index","follow":"follow","max-snippet":"max-snippet:-1","max-image-preview":"max-image-preview:large","max-video-preview":"max-video-preview:-1"},"canonical":"https:\/\/www.casabordas.es\/en\/politica-de-privacidad\/","og_locale":"en_US","og_type":"article","og_title":"Privacy Policy - Anchoas Casa Bordas","og_description":"El TITULAR de la web se compromete a proteger la privacidad de los usuarios que accedan a esta web y \/ o cualquiera de sus servicios.\u00a0La utilizaci\u00f3n de la web y \/ o de cualquiera de los servicios ofrecidos por El TITULAR, implica la aceptaci\u00f3n por parte del Usuario\/Cliente\/Interesado de las disposiciones contenidas en la [&hellip;]","og_url":"https:\/\/www.casabordas.es\/en\/politica-de-privacidad\/","og_site_name":"Anchoas Casa Bordas","article_modified_time":"2022-08-03T08:01:35+00:00","twitter_card":"summary_large_image","twitter_misc":{"Est. reading time":"8 minutes"},"schema":{"@context":"https:\/\/schema.org","@graph":[{"@type":"WebPage","@id":"https:\/\/www.casabordas.es\/en\/politica-de-privacidad\/","url":"https:\/\/www.casabordas.es\/en\/politica-de-privacidad\/","name":"Privacy Policy - Anchoas Casa Bordas","isPartOf":{"@id":"https:\/\/www.casabordas.es\/#website"},"datePublished":"2022-08-03T07:57:24+00:00","dateModified":"2022-08-03T08:01:35+00:00","breadcrumb":{"@id":"https:\/\/www.casabordas.es\/en\/politica-de-privacidad\/#breadcrumb"},"inLanguage":"en-US","potentialAction":[{"@type":"ReadAction","target":["https:\/\/www.casabordas.es\/en\/politica-de-privacidad\/"]}]},{"@type":"BreadcrumbList","@id":"https:\/\/www.casabordas.es\/en\/politica-de-privacidad\/#breadcrumb","itemListElement":[{"@type":"ListItem","position":1,"name":"Portada","item":"https:\/\/www.casabordas.es\/en\/"},{"@type":"ListItem","position":2,"name":"Privacy Policy"}]},{"@type":"WebSite","@id":"https:\/\/www.casabordas.es\/#website","url":"https:\/\/www.casabordas.es\/","name":"Anchoas Casa Bordas","description":"Elaboraci\u00f3n de producto artesanal y de gran calidad","potentialAction":[{"@type":"SearchAction","target":{"@type":"EntryPoint","urlTemplate":"https:\/\/www.casabordas.es\/?s={search_term_string}"},"query-input":{"@type":"PropertyValueSpecification","valueRequired":true,"valueName":"search_term_string"}}],"inLanguage":"en-US"}]}},"_links":{"self":[{"href":"https:\/\/www.casabordas.es\/en\/wp-json\/wp\/v2\/pages\/470","targetHints":{"allow":["GET"]}}],"collection":[{"href":"https:\/\/www.casabordas.es\/en\/wp-json\/wp\/v2\/pages"}],"about":[{"href":"https:\/\/www.casabordas.es\/en\/wp-json\/wp\/v2\/types\/page"}],"author":[{"embeddable":true,"href":"https:\/\/www.casabordas.es\/en\/wp-json\/wp\/v2\/users\/1"}],"replies":[{"embeddable":true,"href":"https:\/\/www.casabordas.es\/en\/wp-json\/wp\/v2\/comments?post=470"}],"version-history":[{"count":2,"href":"https:\/\/www.casabordas.es\/en\/wp-json\/wp\/v2\/pages\/470\/revisions"}],"predecessor-version":[{"id":472,"href":"https:\/\/www.casabordas.es\/en\/wp-json\/wp\/v2\/pages\/470\/revisions\/472"}],"wp:attachment":[{"href":"https:\/\/www.casabordas.es\/en\/wp-json\/wp\/v2\/media?parent=470"}],"curies":[{"name":"wp","href":"https:\/\/api.w.org\/{rel}","templated":true}]}}